{"id":16,"date":"2023-07-19T10:40:50","date_gmt":"2023-07-19T10:40:50","guid":{"rendered":"https:\/\/paremon.com\/?post_type=product&#038;p=16"},"modified":"2025-09-04T11:34:10","modified_gmt":"2025-09-04T11:34:10","slug":"siia-tuleb-toote-nimi","status":"publish","type":"product","link":"https:\/\/paremon.com\/en\/toode\/siia-tuleb-toote-nimi\/","title":{"rendered":"Natural 40g"},"content":{"rendered":"\n<p class=\"wp-el\"><strong><mark style=\"background-color:rgba(0, 0, 0, 0)\" class=\"has-inline-color has-secondary-color\">Koostisosad:<\/mark><\/strong><br>Veiseliha (100g toote valmistamiseks on kasutatud 290g liha), sojauba, sool, suhkur, piirituse\u00e4\u00e4dikas, tamarindmahl, sidrunihape, odralinnase \u00e4\u00e4dikas, nisu, maitsetaimed, v\u00fcrtsid (s.h. seller, k\u00fc\u00fcslauk), ansoovis.<\/p>\n\n\n\n<p class=\"has-secondary-color has-text-color wp-el\"><strong>S\u00e4ilitada temperatuuril 0\u2103 kuni +23\u2103<\/strong><\/p>\n\n\n\n<p class=\"wp-el\"><strong><mark style=\"background-color:rgba(0, 0, 0, 0)\" class=\"has-inline-color has-secondary-color\">100g toodet:<\/mark><\/strong><br>Energiasisaldus 280kcal\/1185kj; Rasvad 4,5g, millest k\u00fcllastunud rasvhappeid 1,9g; S\u00fcsivesikuid 5,1g, millest suhkur 2,2g; Kiudaineid 2,3g; Valgud 53,7g, Sool 1,8g.<\/p>\n","protected":false},"excerpt":{"rendered":"<p>Seda lapsed ostaksid ja vanemad s\u00f6\u00f6ksid! Puhtamaitseline liha.<\/p>\n","protected":false},"featured_media":243,"template":"","meta":{"inline_featured_image":false},"product_brand":[],"product_cat":[32,33,34],"product_tag":[26,27,28],"class_list":{"0":"post-16","1":"product","2":"type-product","3":"status-publish","4":"has-post-thumbnail","6":"product_cat-kontori-iseteeninduskast-ja-taitmine","7":"product_cat-edasimuuja","8":"product_cat-koju-tellimine","9":"product_tag-kasitoo","10":"product_tag-100-eesti-liha","11":"product_tag-sailitusainevaba","13":"first","14":"onbackorder","15":"shipping-taxable","16":"purchasable","17":"product-type-simple"},"acf":[],"_links":{"self":[{"href":"https:\/\/paremon.com\/en\/wp-json\/wp\/v2\/product\/16","targetHints":{"allow":["GET"]}}],"collection":[{"href":"https:\/\/paremon.com\/en\/wp-json\/wp\/v2\/product"}],"about":[{"href":"https:\/\/paremon.com\/en\/wp-json\/wp\/v2\/types\/product"}],"wp:featuredmedia":[{"embeddable":true,"href":"https:\/\/paremon.com\/en\/wp-json\/wp\/v2\/media\/243"}],"wp:attachment":[{"href":"https:\/\/paremon.com\/en\/wp-json\/wp\/v2\/media?parent=16"}],"wp:term":[{"taxonomy":"product_brand","embeddable":true,"href":"https:\/\/paremon.com\/en\/wp-json\/wp\/v2\/product_brand?post=16"},{"taxonomy":"product_cat","embeddable":true,"href":"https:\/\/paremon.com\/en\/wp-json\/wp\/v2\/product_cat?post=16"},{"taxonomy":"product_tag","embeddable":true,"href":"https:\/\/paremon.com\/en\/wp-json\/wp\/v2\/product_tag?post=16"}],"curies":[{"name":"wp","href":"https:\/\/api.w.org\/{rel}","templated":true}]}}